{"id":40,"date":"2015-05-01T23:43:57","date_gmt":"2015-05-01T21:43:57","guid":{"rendered":"http:\/\/www.belart.net\/wordpress\/?page_id=40"},"modified":"2025-05-17T12:06:42","modified_gmt":"2025-05-17T10:06:42","slug":"links","status":"publish","type":"page","link":"https:\/\/www.belart.net\/wordpress\/index.php\/links\/","title":{"rendered":"Links"},"content":{"rendered":"<p><a href=\"http:\/\/www.tuordalsmors.ch\" target=\"_blank\" rel=\"noopener noreferrer\">Ferien in historischen Engadiner Mauern<\/a><\/p>\n<p><a href=\"http:\/\/www.1thegrange.com\" target=\"_blank\" rel=\"noopener noreferrer\">Ferien in der sch\u00f6nsten Ecke S\u00fcdafrikas<\/a><\/p>\n<p><a href=\"https:\/\/www.linkedin.com\/in\/david-belart\" target=\"_blank\" rel=\"noopener\">Linkedin-Profil<\/a><\/p>\n<p><a href=\"http:\/\/zbv1954.ch\" target=\"_blank\" rel=\"noopener noreferrer\">Z\u00fcrcher Studiengesellschaft f\u00fcr Bau- und Verkehrsfragen<\/a><\/p>\n<p><a href=\"https:\/\/www.fanzun.swiss\/fachbereiche\/bauherrenvertretung\/\" target=\"_blank\" rel=\"noopener\">Fanzun AG Architekten \u00b7 Ingenieure \u00b7 Berater<\/a><\/p>\n<p><a href=\"http:\/\/www.vbc-innova.ch\/\" target=\"_blank\" rel=\"noopener noreferrer\">VBC Innova<\/a><\/p>\n<p><a href=\"http:\/\/www.hcd.ch\" target=\"_blank\" rel=\"noopener noreferrer\">HC Davos<\/a><\/p>\n","protected":false},"excerpt":{"rendered":"<p>Ferien in historischen Engadiner Mauern Ferien in der sch\u00f6nsten Ecke S\u00fcdafrikas Linkedin-Profil Z\u00fcrcher Studiengesellschaft f\u00fcr Bau- und Verkehrsfragen Fanzun AG Architekten \u00b7 Ingenieure \u00b7 Berater VBC Innova HC Davos<\/p>\n","protected":false},"author":1,"featured_media":0,"parent":0,"menu_order":0,"comment_status":"closed","ping_status":"open","template":"","meta":{"footnotes":""},"class_list":["post-40","page","type-page","status-publish","hentry"],"_links":{"self":[{"href":"https:\/\/www.belart.net\/wordpress\/index.php\/wp-json\/wp\/v2\/pages\/40","targetHints":{"allow":["GET"]}}],"collection":[{"href":"https:\/\/www.belart.net\/wordpress\/index.php\/wp-json\/wp\/v2\/pages"}],"about":[{"href":"https:\/\/www.belart.net\/wordpress\/index.php\/wp-json\/wp\/v2\/types\/page"}],"author":[{"embeddable":true,"href":"https:\/\/www.belart.net\/wordpress\/index.php\/wp-json\/wp\/v2\/users\/1"}],"replies":[{"embeddable":true,"href":"https:\/\/www.belart.net\/wordpress\/index.php\/wp-json\/wp\/v2\/comments?post=40"}],"version-history":[{"count":13,"href":"https:\/\/www.belart.net\/wordpress\/index.php\/wp-json\/wp\/v2\/pages\/40\/revisions"}],"predecessor-version":[{"id":115,"href":"https:\/\/www.belart.net\/wordpress\/index.php\/wp-json\/wp\/v2\/pages\/40\/revisions\/115"}],"wp:attachment":[{"href":"https:\/\/www.belart.net\/wordpress\/index.php\/wp-json\/wp\/v2\/media?parent=40"}],"curies":[{"name":"wp","href":"https:\/\/api.w.org\/{rel}","templated":true}]}}